{"id":1715,"date":"2022-07-16T00:53:45","date_gmt":"2022-07-16T00:53:45","guid":{"rendered":"https:\/\/digitiseproject.eu\/privacy-policy\/"},"modified":"2022-11-10T12:40:00","modified_gmt":"2022-11-10T12:40:00","slug":"privacy-policy","status":"publish","type":"page","link":"https:\/\/digitiseproject.eu\/de\/privacy-policy\/","title":{"rendered":"Privacy Policy"},"content":{"rendered":"<header class=\"alignfull wp-block-template-part\">\n<div class=\"wp-block-group has-textondark-background-color has-background fr-position-sticky fr-mobile-textcenter fr-sticky-header is-content-justification-center is-nowrap is-layout-flex wp-container-core-group-is-layout-23441af8 wp-block-group-is-layout-flex\"><div class=\"is-default-size wp-block-site-logo\"><a href=\"https:\/\/digitiseproject.eu\/de\/\" class=\"custom-logo-link\" rel=\"home\"><img loading=\"lazy\" decoding=\"async\" width=\"310\" height=\"240\" src=\"https:\/\/digitiseproject.eu\/wp-content\/uploads\/2022\/07\/Digitise-Programme-Logo.png\" class=\"custom-logo\" alt=\"DigiTise! : DIGITAL TOOLKIT FOR 50+\" srcset=\"https:\/\/digitiseproject.eu\/wp-content\/uploads\/2022\/07\/Digitise-Programme-Logo.png 310w, https:\/\/digitiseproject.eu\/wp-content\/uploads\/2022\/07\/Digitise-Programme-Logo-300x232.png 300w\" sizes=\"auto, (max-width: 310px) 100vw, 310px\" \/><\/a><\/div>\n\n<h1 class=\"wp-block-site-title\"><a href=\"https:\/\/digitiseproject.eu\/de\/\" target=\"_self\" rel=\"home\">DigiTise! : DIGITAL TOOLKIT FOR 50+<\/a><\/h1>\n\n<nav class=\"is-responsive items-justified-left alignwide wp-block-navigation is-content-justification-left is-layout-flex wp-container-core-navigation-is-layout-fc4fd283 wp-block-navigation-is-layout-flex\" aria-label=\"Navigation German\" \n\t\t data-wp-interactive=\"core\/navigation\" data-wp-context='{\"overlayOpenedBy\":{\"click\":false,\"hover\":false,\"focus\":false},\"type\":\"overlay\",\"roleAttribute\":\"\",\"ariaLabel\":\"Men\\u00fc\"}'><button aria-haspopup=\"dialog\" aria-label=\"Men\u00fc \u00f6ffnen\" class=\"wp-block-navigation__responsive-container-open\" \n\t\t\t\tdata-wp-on--click=\"actions.openMenuOnClick\"\n\t\t\t\tdata-wp-on--keydown=\"actions.handleMenuKeydown\"\n\t\t\t><svg width=\"24\" height=\"24\" xmlns=\"http:\/\/www.w3.org\/2000\/svg\" viewBox=\"0 0 24 24\" aria-hidden=\"true\" focusable=\"false\"><path d=\"M4 7.5h16v1.5H4z\"><\/path><path d=\"M4 15h16v1.5H4z\"><\/path><\/svg><\/button>\n\t\t\t\t<div class=\"wp-block-navigation__responsive-container\"  id=\"modal-1\" \n\t\t\t\tdata-wp-class--has-modal-open=\"state.isMenuOpen\"\n\t\t\t\tdata-wp-class--is-menu-open=\"state.isMenuOpen\"\n\t\t\t\tdata-wp-watch=\"callbacks.initMenu\"\n\t\t\t\tdata-wp-on--keydown=\"actions.handleMenuKeydown\"\n\t\t\t\tdata-wp-on--focusout=\"actions.handleMenuFocusout\"\n\t\t\t\ttabindex=\"-1\"\n\t\t\t>\n\t\t\t\t\t<div class=\"wp-block-navigation__responsive-close\" tabindex=\"-1\">\n\t\t\t\t\t\t<div class=\"wp-block-navigation__responsive-dialog\" \n\t\t\t\tdata-wp-bind--aria-modal=\"state.ariaModal\"\n\t\t\t\tdata-wp-bind--aria-label=\"state.ariaLabel\"\n\t\t\t\tdata-wp-bind--role=\"state.roleAttribute\"\n\t\t\t>\n\t\t\t\t\t\t\t<button aria-label=\"Men\u00fc schlie\u00dfen\" class=\"wp-block-navigation__responsive-container-close\" \n\t\t\t\tdata-wp-on--click=\"actions.closeMenuOnClick\"\n\t\t\t><svg xmlns=\"http:\/\/www.w3.org\/2000\/svg\" viewBox=\"0 0 24 24\" width=\"24\" height=\"24\" aria-hidden=\"true\" focusable=\"false\"><path d=\"m13.06 12 6.47-6.47-1.06-1.06L12 10.94 5.53 4.47 4.47 5.53 10.94 12l-6.47 6.47 1.06 1.06L12 13.06l6.47 6.47 1.06-1.06L13.06 12Z\"><\/path><\/svg><\/button>\n\t\t\t\t\t\t\t<div class=\"wp-block-navigation__responsive-container-content\" \n\t\t\t\tdata-wp-watch=\"callbacks.focusFirstElement\"\n\t\t\t id=\"modal-1-content\">\n\t\t\t\t\t\t\t\t<ul class=\"wp-block-navigation__container is-responsive items-justified-left alignwide wp-block-navigation\"><li data-wp-context=\"{ &quot;submenuOpenedBy&quot;: { &quot;click&quot;: false, &quot;hover&quot;: false, &quot;focus&quot;: false }, &quot;type&quot;: &quot;submenu&quot;, &quot;modal&quot;: null, &quot;previousFocus&quot;: null }\" data-wp-interactive=\"core\/navigation\" data-wp-on--focusout=\"actions.handleMenuFocusout\" data-wp-on--keydown=\"actions.handleMenuKeydown\" data-wp-on--mouseenter=\"actions.openMenuOnHover\" data-wp-on--mouseleave=\"actions.closeMenuOnHover\" data-wp-watch=\"callbacks.initMenu\" tabindex=\"-1\" class=\"wp-block-navigation-item has-child open-on-hover-click wp-block-navigation-submenu\"><a class=\"wp-block-navigation-item__content\" href=\"https:\/\/digitiseproject.eu\/de\/projekt\/\" target=\"_blank\"  ><span class=\"wp-block-navigation-item__label\">Projekt<\/span><\/a><button data-wp-bind--aria-expanded=\"state.isMenuOpen\" data-wp-on--click=\"actions.toggleMenuOnClick\" aria-label=\"Untermen\u00fc von Projekt\" class=\"wp-block-navigation__submenu-icon wp-block-navigation-submenu__toggle\" ><svg xmlns=\"http:\/\/www.w3.org\/2000\/svg\" width=\"12\" height=\"12\" viewBox=\"0 0 12 12\" fill=\"none\" aria-hidden=\"true\" focusable=\"false\"><path d=\"M1.50002 4L6.00002 8L10.5 4\" stroke-width=\"1.5\"><\/path><\/svg><\/button><ul data-wp-on--focus=\"actions.openMenuOnFocus\" class=\"wp-block-navigation__submenu-container wp-block-navigation-submenu\"><li class=\" wp-block-navigation-item wp-block-navigation-link\"><a class=\"wp-block-navigation-item__content\"  href=\"https:\/\/digitiseproject.eu\/de\/partner\/\" target=\"_blank\"  ><span class=\"wp-block-navigation-item__label\">Partner<\/span><\/a><\/li><li class=\" wp-block-navigation-item wp-block-navigation-link\"><a class=\"wp-block-navigation-item__content\"  href=\"https:\/\/digitiseproject.eu\/de\/fortbildungsveranstaltung-in-berlin\/\"><span class=\"wp-block-navigation-item__label\">Aktuelles<\/span><\/a><\/li><\/ul><\/li><li data-wp-context=\"{ &quot;submenuOpenedBy&quot;: { &quot;click&quot;: false, &quot;hover&quot;: false, &quot;focus&quot;: false }, &quot;type&quot;: &quot;submenu&quot;, &quot;modal&quot;: null, &quot;previousFocus&quot;: null }\" data-wp-interactive=\"core\/navigation\" data-wp-on--focusout=\"actions.handleMenuFocusout\" data-wp-on--keydown=\"actions.handleMenuKeydown\" data-wp-on--mouseenter=\"actions.openMenuOnHover\" data-wp-on--mouseleave=\"actions.closeMenuOnHover\" data-wp-watch=\"callbacks.initMenu\" tabindex=\"-1\" class=\"wp-block-navigation-item has-child open-on-hover-click wp-block-navigation-submenu\"><a class=\"wp-block-navigation-item__content\" href=\"https:\/\/digitiseproject.eu\/de\/ressourcen\/\"><span class=\"wp-block-navigation-item__label\">Ressourcen<\/span><\/a><button data-wp-bind--aria-expanded=\"state.isMenuOpen\" data-wp-on--click=\"actions.toggleMenuOnClick\" aria-label=\"Untermen\u00fc von Ressourcen\" class=\"wp-block-navigation__submenu-icon wp-block-navigation-submenu__toggle\" ><svg xmlns=\"http:\/\/www.w3.org\/2000\/svg\" width=\"12\" height=\"12\" viewBox=\"0 0 12 12\" fill=\"none\" aria-hidden=\"true\" focusable=\"false\"><path d=\"M1.50002 4L6.00002 8L10.5 4\" stroke-width=\"1.5\"><\/path><\/svg><\/button><ul data-wp-on--focus=\"actions.openMenuOnFocus\" class=\"wp-block-navigation__submenu-container wp-block-navigation-submenu\"><li class=\" wp-block-navigation-item wp-block-navigation-link\"><a class=\"wp-block-navigation-item__content\"  href=\"https:\/\/digitiseproject.eu\/de\/ressourcen\/#handbuch\"><span class=\"wp-block-navigation-item__label\">Handbuch<\/span><\/a><\/li><li class=\" wp-block-navigation-item wp-block-navigation-link\"><a class=\"wp-block-navigation-item__content\"  href=\"https:\/\/digitiseproject.eu\/de\/ressourcen\/#moocger\"><span class=\"wp-block-navigation-item__label\">MOOCs<\/span><\/a><\/li><li class=\" wp-block-navigation-item wp-block-navigation-link\"><a class=\"wp-block-navigation-item__content\"  href=\"https:\/\/digitiseproject.eu\/de\/ressourcen\/#anleitungen\"><span class=\"wp-block-navigation-item__label\">Anleitungen<\/span><\/a><\/li><\/ul><\/li><li class=\" wp-block-navigation-item is-style-accentbutton wp-block-navigation-link\"><a class=\"wp-block-navigation-item__content\"  href=\"https:\/\/digitiseproject.eu\/de\/learning-area-ger\/\"><span class=\"wp-block-navigation-item__label\">E-Learning Bereich<\/span><\/a><\/li><style scoped>.wp-block-navigation-item.is-style-accentbutton a{background-color:var(--wp--preset--color--button);color:var(--wp--preset--color--textonbutton);padding:5px 15px !important; line-height: 1.8 }<\/style><\/ul>\n\t\t\t\t\t\t\t<\/div>\n\t\t\t\t\t\t<\/div>\n\t\t\t\t\t<\/div>\n\t\t\t\t<\/div><\/nav>\n\n<form role=\"search\" method=\"get\" action=\"https:\/\/digitiseproject.eu\/de\/\" class=\"wp-block-search__button-inside wp-block-search__icon-button is-style-floating-white-search wp-block-search\"    ><label class=\"wp-block-search__label screen-reader-text\" for=\"wp-block-search__input-2\" >Search<\/label><div class=\"wp-block-search__inside-wrapper\"  style=\"border-radius: calc(5px + 4px)\"><input class=\"wp-block-search__input\" id=\"wp-block-search__input-2\" placeholder=\"\" value=\"\" type=\"search\" name=\"s\" required  style=\"border-radius: 5px\"\/><button aria-label=\"Search\" class=\"wp-block-search__button has-text-color has-icon wp-element-button\" type=\"submit\"  style=\"border-radius: 5px;color: var(--wp--custom--color--black)\"><svg class=\"search-icon\" viewBox=\"0 0 24 24\" width=\"24\" height=\"24\">\n\t\t\t\t\t<path d=\"M13 5c-3.3 0-6 2.7-6 6 0 1.4.5 2.7 1.3 3.7l-3.8 3.8 1.1 1.1 3.8-3.8c1 .8 2.3 1.3 3.7 1.3 3.3 0 6-2.7 6-6S16.3 5 13 5zm0 10.5c-2.5 0-4.5-2-4.5-4.5s2-4.5 4.5-4.5 4.5 2 4.5 4.5-2 4.5-4.5 4.5z\"><\/path>\n\t\t\t\t<\/svg><\/button><\/div><\/form><\/div>\n<style scoped>@media(min-width:992px){.fr-position-sticky{position:sticky !important; top: calc(30px + var(--blockpress-sticky-height, 0px));align-self: flex-start !important;}}@media(max-width:575.98px){.fr-mobile-textcenter, .fr-mobile-textcenter > *{text-align: center !important;justify-content: center !important;}}<\/style><\/header>\n\n\n<h1 class=\"wp-block-heading\" id=\"privacy-policy\">Datenschutzbestimmungen<\/h1>\n\n\n\n<h2 class=\"wp-block-heading\" id=\"who-we-are\">Wer sind wir?<\/h2>\n\n\n\n<p>Unsere Website-Adresse lautet: https:\/\/digitiseproject.eu.<\/p>\n\n\n\n<h2 class=\"wp-block-heading\" id=\"comments\">Kommentare<\/h2>\n\n\n\n<p>Wenn Besucher Kommentare auf der Website hinterlassen, erfassen wir die im Kommentarformular angezeigten Daten sowie die IP-Adresse und den User-Agent-String des Browsers des Besuchers, um die Spam-Erkennung zu erleichtern.<\/p>\n\n\n\n<p>Eine anonymisierte Zeichenfolge, die aus Ihrer E-Mail-Adresse erstellt wird (auch Hash genannt), kann dem Gravatar-Dienst zur Verf\u00fcgung gestellt werden, um zu sehen, ob Sie ihn verwenden. Die Datenschutzbestimmungen des Gravatar-Dienstes finden Sie hier: https:\/\/automattic.com\/privacy\/. Nach der Genehmigung Ihres Kommentars ist Ihr Profilbild im Zusammenhang mit Ihrem Kommentar \u00f6ffentlich sichtbar.<\/p>\n\n\n\n<h2 class=\"wp-block-heading\" id=\"cookies\">Cookies<\/h2>\n\n\n\n<p>Wenn Sie einen Kommentar auf unserer Website hinterlassen, k\u00f6nnen Sie der Speicherung Ihres Namens, Ihrer E-Mail-Adresse und Ihrer Website in Cookies zustimmen. Diese dienen der Bequemlichkeit, damit Sie Ihre Daten nicht erneut eingeben m\u00fcssen, wenn Sie einen weiteren Kommentar hinterlassen. Diese Kekse sind ein Jahr lang haltbar.<\/p>\n\n\n\n<h2 class=\"wp-block-heading\" id=\"embedded-content-from-other-websites\">Eingebettete Inhalte von anderen Websites<\/h2>\n\n\n\n<p>Die Artikel auf dieser Website k\u00f6nnen eingebettete Inhalte enthalten (z. B. Videos, Bilder, Artikel usw.). Eingebettete Inhalte von anderen Websites verhalten sich genau so, als ob der Besucher die andere Website besucht h\u00e4tte.<\/p>\n\n\n\n<p>Diese Websites k\u00f6nnen Daten \u00fcber Sie sammeln, Cookies verwenden, zus\u00e4tzliche Trackingfunktionen von Dritten einbetten und Ihre Interaktion mit diesen eingebetteten Inhalten \u00fcberwachen, einschlie\u00dflich der Verfolgung Ihrer Interaktion mit den eingebetteten Inhalten, wenn Sie ein Konto haben und auf dieser Website angemeldet sind.<\/p>\n\n\n\n<h2 class=\"wp-block-heading\" id=\"how-long-we-retain-your-data\">Wie lange wir Ihre Daten aufbewahren<\/h2>\n\n\n\n<p>Bei Nutzern, die sich auf unserer Website registrieren (falls vorhanden), speichern wir auch die pers\u00f6nlichen Daten, die sie in ihrem Nutzerprofil angeben. Alle Nutzer k\u00f6nnen ihre pers\u00f6nlichen Daten jederzeit einsehen, bearbeiten oder l\u00f6schen (nur ihren Benutzernamen k\u00f6nnen sie nicht \u00e4ndern). Auch Website-Administratoren k\u00f6nnen diese Informationen einsehen und bearbeiten.<\/p>\n\n\n\n<h2 class=\"wp-block-heading\" id=\"what-rights-you-have-over-your-data\">Welche Rechte Sie an Ihren Daten haben<\/h2>\n\n\n\n<p>Wenn Sie ein Konto auf dieser Website haben oder Kommentare hinterlassen haben, k\u00f6nnen Sie eine exportierte Datei mit den personenbezogenen Daten anfordern, die wir \u00fcber Sie gespeichert haben, einschlie\u00dflich der Daten, die Sie uns zur Verf\u00fcgung gestellt haben. Sie k\u00f6nnen auch verlangen, dass wir die \u00fcber Sie gespeicherten personenbezogenen Daten l\u00f6schen. Davon ausgenommen sind Daten, die wir aus verwaltungstechnischen, rechtlichen oder sicherheitsrelevanten Gr\u00fcnden aufbewahren m\u00fcssen.<\/p>\n\n\n\n<p>Die Kommentare der Besucher k\u00f6nnen durch einen automatischen Spam-Erkennungsdienst \u00fcberpr\u00fcft werden.<\/p>\n","protected":false},"excerpt":{"rendered":"<p>Datenschutzbestimmungen Wer sind wir? Unsere Website-Adresse lautet: https:\/\/digitiseproject.eu. Kommentare Wenn Besucher Kommentare auf der Website hinterlassen, erfassen wir die im Kommentarformular angezeigten Daten sowie die IP-Adresse und den User-Agent-String des Browsers des Besuchers, um die Spam-Erkennung zu erleichtern. Eine anonymisierte Zeichenfolge, die aus Ihrer E-Mail-Adresse erstellt wird (auch Hash genannt), kann dem Gravatar-Dienst zur Verf\u00fcgung [&hellip;]<\/p>\n","protected":false},"author":1,"featured_media":0,"parent":0,"menu_order":0,"comment_status":"closed","ping_status":"closed","template":"no-title","meta":{"_gspb_post_css":"","footnotes":""},"class_list":["post-1715","page","type-page","status-publish","hentry"],"_links":{"self":[{"href":"https:\/\/digitiseproject.eu\/de\/wp-json\/wp\/v2\/pages\/1715","targetHints":{"allow":["GET"]}}],"collection":[{"href":"https:\/\/digitiseproject.eu\/de\/wp-json\/wp\/v2\/pages"}],"about":[{"href":"https:\/\/digitiseproject.eu\/de\/wp-json\/wp\/v2\/types\/page"}],"author":[{"embeddable":true,"href":"https:\/\/digitiseproject.eu\/de\/wp-json\/wp\/v2\/users\/1"}],"replies":[{"embeddable":true,"href":"https:\/\/digitiseproject.eu\/de\/wp-json\/wp\/v2\/comments?post=1715"}],"version-history":[{"count":6,"href":"https:\/\/digitiseproject.eu\/de\/wp-json\/wp\/v2\/pages\/1715\/revisions"}],"predecessor-version":[{"id":1779,"href":"https:\/\/digitiseproject.eu\/de\/wp-json\/wp\/v2\/pages\/1715\/revisions\/1779"}],"wp:attachment":[{"href":"https:\/\/digitiseproject.eu\/de\/wp-json\/wp\/v2\/media?parent=1715"}],"curies":[{"name":"wp","href":"https:\/\/api.w.org\/{rel}","templated":true}]}}