{"id":1338,"date":"2022-07-28T11:09:26","date_gmt":"2022-07-28T11:09:26","guid":{"rendered":"https:\/\/digitiseproject.eu\/learning-area-rom\/"},"modified":"2022-10-13T08:39:51","modified_gmt":"2022-10-13T08:39:51","slug":"learning-area-rom","status":"publish","type":"page","link":"https:\/\/digitiseproject.eu\/ro\/learning-area-rom\/","title":{"rendered":"Learning Area &#8211; Rom"},"content":{"rendered":"<header class=\"alignfull wp-block-template-part\">\n<div class=\"wp-block-group has-textondark-background-color has-background fr-position-sticky fr-mobile-textcenter fr-sticky-header is-content-justification-center is-nowrap is-layout-flex wp-container-core-group-is-layout-23441af8 wp-block-group-is-layout-flex\"><div class=\"is-default-size wp-block-site-logo\"><a href=\"https:\/\/digitiseproject.eu\/ro\/\" class=\"custom-logo-link\" rel=\"home\"><img loading=\"lazy\" decoding=\"async\" width=\"310\" height=\"240\" src=\"https:\/\/digitiseproject.eu\/wp-content\/uploads\/2022\/07\/Digitise-Programme-Logo.png\" class=\"custom-logo\" alt=\"DigiTise! : DIGITAL TOOLKIT FOR 50+\" srcset=\"https:\/\/digitiseproject.eu\/wp-content\/uploads\/2022\/07\/Digitise-Programme-Logo.png 310w, https:\/\/digitiseproject.eu\/wp-content\/uploads\/2022\/07\/Digitise-Programme-Logo-300x232.png 300w\" sizes=\"auto, (max-width: 310px) 100vw, 310px\" \/><\/a><\/div>\n\n<h1 class=\"wp-block-site-title\"><a href=\"https:\/\/digitiseproject.eu\/ro\/\" target=\"_self\" rel=\"home\">DigiTise! : DIGITAL TOOLKIT FOR 50+<\/a><\/h1>\n\n<nav class=\"is-responsive items-justified-left alignwide wp-block-navigation is-content-justification-left is-layout-flex wp-container-core-navigation-is-layout-fc4fd283 wp-block-navigation-is-layout-flex\" aria-label=\"Navigation Romanian\" \n\t\t data-wp-interactive=\"core\/navigation\" data-wp-context='{\"overlayOpenedBy\":{\"click\":false,\"hover\":false,\"focus\":false},\"type\":\"overlay\",\"roleAttribute\":\"\",\"ariaLabel\":\"Meniu\"}'><button aria-haspopup=\"dialog\" aria-label=\"Deschide meniul\" class=\"wp-block-navigation__responsive-container-open\" \n\t\t\t\tdata-wp-on--click=\"actions.openMenuOnClick\"\n\t\t\t\tdata-wp-on--keydown=\"actions.handleMenuKeydown\"\n\t\t\t><svg width=\"24\" height=\"24\" xmlns=\"http:\/\/www.w3.org\/2000\/svg\" viewBox=\"0 0 24 24\" aria-hidden=\"true\" focusable=\"false\"><path d=\"M4 7.5h16v1.5H4z\"><\/path><path d=\"M4 15h16v1.5H4z\"><\/path><\/svg><\/button>\n\t\t\t\t<div class=\"wp-block-navigation__responsive-container\"  id=\"modal-1\" \n\t\t\t\tdata-wp-class--has-modal-open=\"state.isMenuOpen\"\n\t\t\t\tdata-wp-class--is-menu-open=\"state.isMenuOpen\"\n\t\t\t\tdata-wp-watch=\"callbacks.initMenu\"\n\t\t\t\tdata-wp-on--keydown=\"actions.handleMenuKeydown\"\n\t\t\t\tdata-wp-on--focusout=\"actions.handleMenuFocusout\"\n\t\t\t\ttabindex=\"-1\"\n\t\t\t>\n\t\t\t\t\t<div class=\"wp-block-navigation__responsive-close\" tabindex=\"-1\">\n\t\t\t\t\t\t<div class=\"wp-block-navigation__responsive-dialog\" \n\t\t\t\tdata-wp-bind--aria-modal=\"state.ariaModal\"\n\t\t\t\tdata-wp-bind--aria-label=\"state.ariaLabel\"\n\t\t\t\tdata-wp-bind--role=\"state.roleAttribute\"\n\t\t\t>\n\t\t\t\t\t\t\t<button aria-label=\"\u00cenchide meniul\" class=\"wp-block-navigation__responsive-container-close\" \n\t\t\t\tdata-wp-on--click=\"actions.closeMenuOnClick\"\n\t\t\t><svg xmlns=\"http:\/\/www.w3.org\/2000\/svg\" viewBox=\"0 0 24 24\" width=\"24\" height=\"24\" aria-hidden=\"true\" focusable=\"false\"><path d=\"m13.06 12 6.47-6.47-1.06-1.06L12 10.94 5.53 4.47 4.47 5.53 10.94 12l-6.47 6.47 1.06 1.06L12 13.06l6.47 6.47 1.06-1.06L13.06 12Z\"><\/path><\/svg><\/button>\n\t\t\t\t\t\t\t<div class=\"wp-block-navigation__responsive-container-content\" \n\t\t\t\tdata-wp-watch=\"callbacks.focusFirstElement\"\n\t\t\t id=\"modal-1-content\">\n\t\t\t\t\t\t\t\t<ul class=\"wp-block-navigation__container is-responsive items-justified-left alignwide wp-block-navigation\"><li data-wp-context=\"{ &quot;submenuOpenedBy&quot;: { &quot;click&quot;: false, &quot;hover&quot;: false, &quot;focus&quot;: false }, &quot;type&quot;: &quot;submenu&quot;, &quot;modal&quot;: null, &quot;previousFocus&quot;: null }\" data-wp-interactive=\"core\/navigation\" data-wp-on--focusout=\"actions.handleMenuFocusout\" data-wp-on--keydown=\"actions.handleMenuKeydown\" data-wp-on--mouseenter=\"actions.openMenuOnHover\" data-wp-on--mouseleave=\"actions.closeMenuOnHover\" data-wp-watch=\"callbacks.initMenu\" tabindex=\"-1\" class=\"wp-block-navigation-item has-child open-on-hover-click wp-block-navigation-submenu\"><a class=\"wp-block-navigation-item__content\" href=\"https:\/\/digitiseproject.eu\/ro\/despre\/\" target=\"_blank\"  ><span class=\"wp-block-navigation-item__label\">Despre Noi<\/span><\/a><button data-wp-bind--aria-expanded=\"state.isMenuOpen\" data-wp-on--click=\"actions.toggleMenuOnClick\" aria-label=\"Sub-meniu Despre Noi\" class=\"wp-block-navigation__submenu-icon wp-block-navigation-submenu__toggle\" ><svg xmlns=\"http:\/\/www.w3.org\/2000\/svg\" width=\"12\" height=\"12\" viewBox=\"0 0 12 12\" fill=\"none\" aria-hidden=\"true\" focusable=\"false\"><path d=\"M1.50002 4L6.00002 8L10.5 4\" stroke-width=\"1.5\"><\/path><\/svg><\/button><ul data-wp-on--focus=\"actions.openMenuOnFocus\" class=\"wp-block-navigation__submenu-container wp-block-navigation-submenu\"><li class=\" wp-block-navigation-item wp-block-navigation-link\"><a class=\"wp-block-navigation-item__content\"  href=\"https:\/\/digitiseproject.eu\/ro\/partenerei\/\"><span class=\"wp-block-navigation-item__label\">Parteneri<\/span><\/a><\/li><li class=\" wp-block-navigation-item wp-block-navigation-link\"><a class=\"wp-block-navigation-item__content\"  href=\"https:\/\/digitiseproject.eu\/ro\/eveniment-de-training-la-berlin\/\"><span class=\"wp-block-navigation-item__label\">\u0218tiri<\/span><\/a><\/li><\/ul><\/li><li data-wp-context=\"{ &quot;submenuOpenedBy&quot;: { &quot;click&quot;: false, &quot;hover&quot;: false, &quot;focus&quot;: false }, &quot;type&quot;: &quot;submenu&quot;, &quot;modal&quot;: null, &quot;previousFocus&quot;: null }\" data-wp-interactive=\"core\/navigation\" data-wp-on--focusout=\"actions.handleMenuFocusout\" data-wp-on--keydown=\"actions.handleMenuKeydown\" data-wp-on--mouseenter=\"actions.openMenuOnHover\" data-wp-on--mouseleave=\"actions.closeMenuOnHover\" data-wp-watch=\"callbacks.initMenu\" tabindex=\"-1\" class=\"wp-block-navigation-item has-child open-on-hover-click wp-block-navigation-submenu\"><a class=\"wp-block-navigation-item__content\" href=\"https:\/\/digitiseproject.eu\/ro\/resurse\/\"><span class=\"wp-block-navigation-item__label\">Resurse<\/span><\/a><button data-wp-bind--aria-expanded=\"state.isMenuOpen\" data-wp-on--click=\"actions.toggleMenuOnClick\" aria-label=\"Sub-meniu Resurse\" class=\"wp-block-navigation__submenu-icon wp-block-navigation-submenu__toggle\" ><svg xmlns=\"http:\/\/www.w3.org\/2000\/svg\" width=\"12\" height=\"12\" viewBox=\"0 0 12 12\" fill=\"none\" aria-hidden=\"true\" focusable=\"false\"><path d=\"M1.50002 4L6.00002 8L10.5 4\" stroke-width=\"1.5\"><\/path><\/svg><\/button><ul data-wp-on--focus=\"actions.openMenuOnFocus\" class=\"wp-block-navigation__submenu-container wp-block-navigation-submenu\"><li class=\" wp-block-navigation-item wp-block-navigation-link\"><a class=\"wp-block-navigation-item__content\"  href=\"https:\/\/digitiseproject.eu\/ro\/resurse\/#manual\"><span class=\"wp-block-navigation-item__label\">Manual<\/span><\/a><\/li><li class=\" wp-block-navigation-item wp-block-navigation-link\"><a class=\"wp-block-navigation-item__content\"  href=\"https:\/\/digitiseproject.eu\/ro\/resurse\/#moocrom\"><span class=\"wp-block-navigation-item__label\">MOOC<\/span><\/a><\/li><li class=\" wp-block-navigation-item wp-block-navigation-link\"><a class=\"wp-block-navigation-item__content\"  href=\"https:\/\/digitiseproject.eu\/ro\/resurse\/#tutoriale\" target=\"_blank\"  ><span class=\"wp-block-navigation-item__label\">Tutoriale<\/span><\/a><\/li><\/ul><\/li><li class=\" wp-block-navigation-item is-style-accentbutton wp-block-navigation-link\"><a class=\"wp-block-navigation-item__content\"  href=\"https:\/\/digitiseproject.eu\/ro\/learning-area-rom\/\"><span class=\"wp-block-navigation-item__label\">Zona de E-Learning<\/span><\/a><\/li><style scoped>.wp-block-navigation-item.is-style-accentbutton a{background-color:var(--wp--preset--color--button);color:var(--wp--preset--color--textonbutton);padding:5px 15px !important; line-height: 1.8 }<\/style><\/ul>\n\t\t\t\t\t\t\t<\/div>\n\t\t\t\t\t\t<\/div>\n\t\t\t\t\t<\/div>\n\t\t\t\t<\/div><\/nav>\n\n<form role=\"search\" method=\"get\" action=\"https:\/\/digitiseproject.eu\/ro\/\" class=\"wp-block-search__button-inside wp-block-search__icon-button is-style-floating-white-search wp-block-search\"    ><label class=\"wp-block-search__label screen-reader-text\" for=\"wp-block-search__input-2\" >Search<\/label><div class=\"wp-block-search__inside-wrapper\"  style=\"border-radius: calc(5px + 4px)\"><input class=\"wp-block-search__input\" id=\"wp-block-search__input-2\" placeholder=\"\" value=\"\" type=\"search\" name=\"s\" required  style=\"border-radius: 5px\"\/><button aria-label=\"Search\" class=\"wp-block-search__button has-text-color has-icon wp-element-button\" type=\"submit\"  style=\"border-radius: 5px;color: var(--wp--custom--color--black)\"><svg class=\"search-icon\" viewBox=\"0 0 24 24\" width=\"24\" height=\"24\">\n\t\t\t\t\t<path d=\"M13 5c-3.3 0-6 2.7-6 6 0 1.4.5 2.7 1.3 3.7l-3.8 3.8 1.1 1.1 3.8-3.8c1 .8 2.3 1.3 3.7 1.3 3.3 0 6-2.7 6-6S16.3 5 13 5zm0 10.5c-2.5 0-4.5-2-4.5-4.5s2-4.5 4.5-4.5 4.5 2 4.5 4.5-2 4.5-4.5 4.5z\"><\/path>\n\t\t\t\t<\/svg><\/button><\/div><\/form><\/div>\n<style scoped>@media(min-width:992px){.fr-position-sticky{position:sticky !important; top: calc(30px + var(--blockpress-sticky-height, 0px));align-self: flex-start !important;}}@media(max-width:575.98px){.fr-mobile-textcenter, .fr-mobile-textcenter > *{text-align: center !important;justify-content: center !important;}}<\/style><\/header>\n\n\n<div class=\"wp-block-cover alignwide is-light\" style=\"min-height:315px;aspect-ratio:unset;\"><span aria-hidden=\"true\" class=\"wp-block-cover__background has-custom-color-2-background-color has-background-dim-100 has-background-dim\"><\/span><div class=\"wp-block-cover__inner-container is-layout-flow wp-block-cover-is-layout-flow\">\n<p class=\"has-text-align-center has-large-font-size\">Click mai jos pentru a accesa zona noastr\u0103 de \u00eenv\u0103\u021bare! <\/p>\n\n\n\n<div id=\"gspb_button-id-gsbp-f9a66228-b112\" class=\"gspb_button_wrapper gspb_button-id-gsbp-f9a66228-b112 wp-block-greenshift-blocks-button\"><a class=\"gspb-buttonbox\" data-aos=\"fade-up\" data-aos-easing=\"ease-in-out\" data-aos-duration=\"700\" href=\"https:\/\/lm.digitiseproject.eu\/login\/index.php\" target=\"_blank\" rel=\"noopener\"><span class=\"gspb-buttonbox-textwrap\"><span class=\"gspb-buttonbox-icon\"><svg class=\"\" style=\"display:inline-block;vertical-align:middle\" width=\"15\" height=\"15\" viewBox=\"0 0 1024 1024\" xmlns=\"http:\/\/www.w3.org\/2000\/svg\"><path style=\"fill:#565D66\" d=\"M832 896h-168c-13.2 0-24-10.8-24-24v-48c0-13.2 10.8-24 24-24h168c53 0 96-43 96-96v-384c0-53-43-96-96-96h-168c-13.2 0-24-10.8-24-24v-48c0-13.2 10.8-24 24-24h168c106 0 192 86 192 192v384c0 106-86 192-192 192zM334.2 167l-39.2 39.2c-9.6 9.6-9.4 25 0.4 34.2l226.2 219.6h-497.6c-13.2 0-24 10.8-24 24v56c0 13.2 10.8 24 24 24h497.6l-226.2 219.4c-9.6 9.4-9.8 24.8-0.4 34.2l39.2 39.2c9.4 9.4 24.6 9.4 34 0l328.8-328c9.4-9.4 9.4-24.6 0-34l-328.8-328c-9.4-9.2-24.6-9.2-34 0.2z\"><\/path><\/svg><\/span><span class=\"gspb-buttonbox-text\"><span class=\"gspb-buttonbox-title\">\u00cencepe\u021bi s\u0103 \u00eenv\u0103\u021ba\u021bi<\/span><\/span><\/span><\/a><\/div>\n<\/div><\/div>\n\n\n\n<div style=\"height:125px\" aria-hidden=\"true\" class=\"wp-block-spacer\"><\/div>\n","protected":false},"excerpt":{"rendered":"","protected":false},"author":3,"featured_media":0,"parent":0,"menu_order":0,"comment_status":"closed","ping_status":"closed","template":"no-title","meta":{"_gspb_post_css":"#gspb_button-id-gsbp-f9a66228-b112{display:flex;justify-content:flex-start}#gspb_button-id-gsbp-f9a66228-b112>.gspb-buttonbox{display:inline-block;padding:13px 26px;background-color:#00d084;text-decoration:none!important;color:#fff;font-size:16px;line-height:16px;position:relative;z-index:0;cursor:pointer;box-sizing:border-box}#gspb_button-id-gsbp-f9a66228-b112 .gspb-buttonbox-text{display:flex;flex-direction:column}body #gspb_button-id-gsbp-f9a66228-b112 .gspb-buttonbox-icon svg{height:28px!important;width:28px!important;min-width:28px;overflow:visible;fill:#000!important}#gspb_button-id-gsbp-f9a66228-b112 .gspb-buttonbox-icon svg path,#gspb_button-id-gsbp-f9a66228-b112 .gspb-buttonbox-icon svg:hover path,#gspb_button-id-gsbp-f9a66228-b112>.gspb-buttonbox:hover .gspb-buttonbox-icon svg,#gspb_button-id-gsbp-f9a66228-b112>.gspb-buttonbox:hover .gspb-buttonbox-icon svg path,body #gspb_button-id-gsbp-f9a66228-b112 .gspb-buttonbox-icon svg:hover{fill:#000!important}#gspb_button-id-gsbp-f9a66228-b112>.gspb-buttonbox>.gspb-buttonbox-textwrap{display:flex;flex-direction:row;align-items:center}#gspb_button-id-gsbp-f9a66228-b112 .gspb-buttonbox-icon{margin-right:13px}body #gspb_button-id-gsbp-f9a66228-b112{justify-content:center}body #gspb_button-id-gsbp-f9a66228-b112>.gspb-buttonbox{background-color:#ffc800;font-size:18.7px;line-height:47.4px;color:#0f0000;box-shadow:0 15px 25px 0 rgba(0,0,0,.1);transition-duration:.7s;transition-timing-function:ease-in-out}#gspb_button-id-gsbp-f9a66228-b112>.gspb-buttonbox .wp-block{font-size:18.7px;line-height:47.4px;color:#0f0000}body #gspb_button-id-gsbp-f9a66228-b112>.gspb-buttonbox,body #gspb_button-id-gsbp-f9a66228-b112>.gspb-buttonbox>.gspb_backgroundOverlay{border-top-left-radius:10px;border-top-right-radius:10px;border-bottom-right-radius:10px;border-bottom-left-radius:10px}body #gspb_button-id-gsbp-f9a66228-b112>.gspb-buttonbox:hover{box-shadow:0 32px 48px 0 rgba(0,0,0,.15)}#gspb_button-id-gsbp-f9a66228-b112>.gspb-buttonbox{opacity:0;transition-property:opacity,transform;transform:translate3d(0,60px,0)}#gspb_button-id-gsbp-f9a66228-b112>.gspb-buttonbox.aos-animate,#gspb_button-id-gsbp-f9a66228-b112>.gspb-buttonbox[data-gs-aos]{opacity:1;transform:translateZ(0)}@media (max-width:575.98px){body #gspb_button-id-gsbp-f9a66228-b112{display:none!important}}","footnotes":""},"class_list":["post-1338","page","type-page","status-publish","hentry"],"_links":{"self":[{"href":"https:\/\/digitiseproject.eu\/ro\/wp-json\/wp\/v2\/pages\/1338","targetHints":{"allow":["GET"]}}],"collection":[{"href":"https:\/\/digitiseproject.eu\/ro\/wp-json\/wp\/v2\/pages"}],"about":[{"href":"https:\/\/digitiseproject.eu\/ro\/wp-json\/wp\/v2\/types\/page"}],"author":[{"embeddable":true,"href":"https:\/\/digitiseproject.eu\/ro\/wp-json\/wp\/v2\/users\/3"}],"replies":[{"embeddable":true,"href":"https:\/\/digitiseproject.eu\/ro\/wp-json\/wp\/v2\/comments?post=1338"}],"version-history":[{"count":6,"href":"https:\/\/digitiseproject.eu\/ro\/wp-json\/wp\/v2\/pages\/1338\/revisions"}],"predecessor-version":[{"id":1360,"href":"https:\/\/digitiseproject.eu\/ro\/wp-json\/wp\/v2\/pages\/1338\/revisions\/1360"}],"wp:attachment":[{"href":"https:\/\/digitiseproject.eu\/ro\/wp-json\/wp\/v2\/media?parent=1338"}],"curies":[{"name":"wp","href":"https:\/\/api.w.org\/{rel}","templated":true}]}}