{"id":1403,"date":"2022-07-28T12:10:50","date_gmt":"2022-07-28T12:10:50","guid":{"rendered":"https:\/\/digitiseproject.eu\/about-the-project-rom\/"},"modified":"2022-11-10T13:52:17","modified_gmt":"2022-11-10T13:52:17","slug":"despre","status":"publish","type":"page","link":"https:\/\/digitiseproject.eu\/ro\/despre\/","title":{"rendered":"Despre Noi"},"content":{"rendered":"<header class=\"alignfull wp-block-template-part\">\n<div class=\"wp-block-group has-textondark-background-color has-background fr-position-sticky fr-mobile-textcenter fr-sticky-header is-content-justification-center is-nowrap is-layout-flex wp-container-core-group-is-layout-23441af8 wp-block-group-is-layout-flex\"><div class=\"is-default-size wp-block-site-logo\"><a href=\"https:\/\/digitiseproject.eu\/ro\/\" class=\"custom-logo-link\" rel=\"home\"><img loading=\"lazy\" decoding=\"async\" width=\"310\" height=\"240\" src=\"https:\/\/digitiseproject.eu\/wp-content\/uploads\/2022\/07\/Digitise-Programme-Logo.png\" class=\"custom-logo\" alt=\"DigiTise! : DIGITAL TOOLKIT FOR 50+\" srcset=\"https:\/\/digitiseproject.eu\/wp-content\/uploads\/2022\/07\/Digitise-Programme-Logo.png 310w, https:\/\/digitiseproject.eu\/wp-content\/uploads\/2022\/07\/Digitise-Programme-Logo-300x232.png 300w\" sizes=\"auto, (max-width: 310px) 100vw, 310px\" \/><\/a><\/div>\n\n<h1 class=\"wp-block-site-title\"><a href=\"https:\/\/digitiseproject.eu\/ro\/\" target=\"_self\" rel=\"home\">DigiTise! : DIGITAL TOOLKIT FOR 50+<\/a><\/h1>\n\n<nav class=\"is-responsive items-justified-left alignwide wp-block-navigation is-content-justification-left is-layout-flex wp-container-core-navigation-is-layout-fc4fd283 wp-block-navigation-is-layout-flex\" aria-label=\"Navigation Romanian\" \n\t\t data-wp-interactive=\"core\/navigation\" data-wp-context='{\"overlayOpenedBy\":{\"click\":false,\"hover\":false,\"focus\":false},\"type\":\"overlay\",\"roleAttribute\":\"\",\"ariaLabel\":\"Meniu\"}'><button aria-haspopup=\"dialog\" aria-label=\"Deschide meniul\" class=\"wp-block-navigation__responsive-container-open\" \n\t\t\t\tdata-wp-on--click=\"actions.openMenuOnClick\"\n\t\t\t\tdata-wp-on--keydown=\"actions.handleMenuKeydown\"\n\t\t\t><svg width=\"24\" height=\"24\" xmlns=\"http:\/\/www.w3.org\/2000\/svg\" viewBox=\"0 0 24 24\" aria-hidden=\"true\" focusable=\"false\"><path d=\"M4 7.5h16v1.5H4z\"><\/path><path d=\"M4 15h16v1.5H4z\"><\/path><\/svg><\/button>\n\t\t\t\t<div class=\"wp-block-navigation__responsive-container\"  id=\"modal-1\" \n\t\t\t\tdata-wp-class--has-modal-open=\"state.isMenuOpen\"\n\t\t\t\tdata-wp-class--is-menu-open=\"state.isMenuOpen\"\n\t\t\t\tdata-wp-watch=\"callbacks.initMenu\"\n\t\t\t\tdata-wp-on--keydown=\"actions.handleMenuKeydown\"\n\t\t\t\tdata-wp-on--focusout=\"actions.handleMenuFocusout\"\n\t\t\t\ttabindex=\"-1\"\n\t\t\t>\n\t\t\t\t\t<div class=\"wp-block-navigation__responsive-close\" tabindex=\"-1\">\n\t\t\t\t\t\t<div class=\"wp-block-navigation__responsive-dialog\" \n\t\t\t\tdata-wp-bind--aria-modal=\"state.ariaModal\"\n\t\t\t\tdata-wp-bind--aria-label=\"state.ariaLabel\"\n\t\t\t\tdata-wp-bind--role=\"state.roleAttribute\"\n\t\t\t>\n\t\t\t\t\t\t\t<button aria-label=\"\u00cenchide meniul\" class=\"wp-block-navigation__responsive-container-close\" \n\t\t\t\tdata-wp-on--click=\"actions.closeMenuOnClick\"\n\t\t\t><svg xmlns=\"http:\/\/www.w3.org\/2000\/svg\" viewBox=\"0 0 24 24\" width=\"24\" height=\"24\" aria-hidden=\"true\" focusable=\"false\"><path d=\"m13.06 12 6.47-6.47-1.06-1.06L12 10.94 5.53 4.47 4.47 5.53 10.94 12l-6.47 6.47 1.06 1.06L12 13.06l6.47 6.47 1.06-1.06L13.06 12Z\"><\/path><\/svg><\/button>\n\t\t\t\t\t\t\t<div class=\"wp-block-navigation__responsive-container-content\" \n\t\t\t\tdata-wp-watch=\"callbacks.focusFirstElement\"\n\t\t\t id=\"modal-1-content\">\n\t\t\t\t\t\t\t\t<ul class=\"wp-block-navigation__container is-responsive items-justified-left alignwide wp-block-navigation\"><li data-wp-context=\"{ &quot;submenuOpenedBy&quot;: { &quot;click&quot;: false, &quot;hover&quot;: false, &quot;focus&quot;: false }, &quot;type&quot;: &quot;submenu&quot;, &quot;modal&quot;: null, &quot;previousFocus&quot;: null }\" data-wp-interactive=\"core\/navigation\" data-wp-on--focusout=\"actions.handleMenuFocusout\" data-wp-on--keydown=\"actions.handleMenuKeydown\" data-wp-on--mouseenter=\"actions.openMenuOnHover\" data-wp-on--mouseleave=\"actions.closeMenuOnHover\" data-wp-watch=\"callbacks.initMenu\" tabindex=\"-1\" class=\"wp-block-navigation-item has-child open-on-hover-click wp-block-navigation-submenu\"><a class=\"wp-block-navigation-item__content\" href=\"https:\/\/digitiseproject.eu\/ro\/despre\/\" target=\"_blank\"  ><span class=\"wp-block-navigation-item__label\">Despre Noi<\/span><\/a><button data-wp-bind--aria-expanded=\"state.isMenuOpen\" data-wp-on--click=\"actions.toggleMenuOnClick\" aria-label=\"Sub-meniu Despre Noi\" class=\"wp-block-navigation__submenu-icon wp-block-navigation-submenu__toggle\" ><svg xmlns=\"http:\/\/www.w3.org\/2000\/svg\" width=\"12\" height=\"12\" viewBox=\"0 0 12 12\" fill=\"none\" aria-hidden=\"true\" focusable=\"false\"><path d=\"M1.50002 4L6.00002 8L10.5 4\" stroke-width=\"1.5\"><\/path><\/svg><\/button><ul data-wp-on--focus=\"actions.openMenuOnFocus\" class=\"wp-block-navigation__submenu-container wp-block-navigation-submenu\"><li class=\" wp-block-navigation-item wp-block-navigation-link\"><a class=\"wp-block-navigation-item__content\"  href=\"https:\/\/digitiseproject.eu\/ro\/partenerei\/\"><span class=\"wp-block-navigation-item__label\">Parteneri<\/span><\/a><\/li><li class=\" wp-block-navigation-item wp-block-navigation-link\"><a class=\"wp-block-navigation-item__content\"  href=\"https:\/\/digitiseproject.eu\/ro\/eveniment-de-training-la-berlin\/\"><span class=\"wp-block-navigation-item__label\">\u0218tiri<\/span><\/a><\/li><\/ul><\/li><li data-wp-context=\"{ &quot;submenuOpenedBy&quot;: { &quot;click&quot;: false, &quot;hover&quot;: false, &quot;focus&quot;: false }, &quot;type&quot;: &quot;submenu&quot;, &quot;modal&quot;: null, &quot;previousFocus&quot;: null }\" data-wp-interactive=\"core\/navigation\" data-wp-on--focusout=\"actions.handleMenuFocusout\" data-wp-on--keydown=\"actions.handleMenuKeydown\" data-wp-on--mouseenter=\"actions.openMenuOnHover\" data-wp-on--mouseleave=\"actions.closeMenuOnHover\" data-wp-watch=\"callbacks.initMenu\" tabindex=\"-1\" class=\"wp-block-navigation-item has-child open-on-hover-click wp-block-navigation-submenu\"><a class=\"wp-block-navigation-item__content\" href=\"https:\/\/digitiseproject.eu\/ro\/resurse\/\"><span class=\"wp-block-navigation-item__label\">Resurse<\/span><\/a><button data-wp-bind--aria-expanded=\"state.isMenuOpen\" data-wp-on--click=\"actions.toggleMenuOnClick\" aria-label=\"Sub-meniu Resurse\" class=\"wp-block-navigation__submenu-icon wp-block-navigation-submenu__toggle\" ><svg xmlns=\"http:\/\/www.w3.org\/2000\/svg\" width=\"12\" height=\"12\" viewBox=\"0 0 12 12\" fill=\"none\" aria-hidden=\"true\" focusable=\"false\"><path d=\"M1.50002 4L6.00002 8L10.5 4\" stroke-width=\"1.5\"><\/path><\/svg><\/button><ul data-wp-on--focus=\"actions.openMenuOnFocus\" class=\"wp-block-navigation__submenu-container wp-block-navigation-submenu\"><li class=\" wp-block-navigation-item wp-block-navigation-link\"><a class=\"wp-block-navigation-item__content\"  href=\"https:\/\/digitiseproject.eu\/ro\/resurse\/#manual\"><span class=\"wp-block-navigation-item__label\">Manual<\/span><\/a><\/li><li class=\" wp-block-navigation-item wp-block-navigation-link\"><a class=\"wp-block-navigation-item__content\"  href=\"https:\/\/digitiseproject.eu\/ro\/resurse\/#moocrom\"><span class=\"wp-block-navigation-item__label\">MOOC<\/span><\/a><\/li><li class=\" wp-block-navigation-item wp-block-navigation-link\"><a class=\"wp-block-navigation-item__content\"  href=\"https:\/\/digitiseproject.eu\/ro\/resurse\/#tutoriale\" target=\"_blank\"  ><span class=\"wp-block-navigation-item__label\">Tutoriale<\/span><\/a><\/li><\/ul><\/li><li class=\" wp-block-navigation-item is-style-accentbutton wp-block-navigation-link\"><a class=\"wp-block-navigation-item__content\"  href=\"https:\/\/digitiseproject.eu\/ro\/learning-area-rom\/\"><span class=\"wp-block-navigation-item__label\">Zona de E-Learning<\/span><\/a><\/li><style scoped>.wp-block-navigation-item.is-style-accentbutton a{background-color:var(--wp--preset--color--button);color:var(--wp--preset--color--textonbutton);padding:5px 15px !important; line-height: 1.8 }<\/style><\/ul>\n\t\t\t\t\t\t\t<\/div>\n\t\t\t\t\t\t<\/div>\n\t\t\t\t\t<\/div>\n\t\t\t\t<\/div><\/nav>\n\n<form role=\"search\" method=\"get\" action=\"https:\/\/digitiseproject.eu\/ro\/\" class=\"wp-block-search__button-inside wp-block-search__icon-button is-style-floating-white-search wp-block-search\"    ><label class=\"wp-block-search__label screen-reader-text\" for=\"wp-block-search__input-2\" >Search<\/label><div class=\"wp-block-search__inside-wrapper\"  style=\"border-radius: calc(5px + 4px)\"><input class=\"wp-block-search__input\" id=\"wp-block-search__input-2\" placeholder=\"\" value=\"\" type=\"search\" name=\"s\" required  style=\"border-radius: 5px\"\/><button aria-label=\"Search\" class=\"wp-block-search__button has-text-color has-icon wp-element-button\" type=\"submit\"  style=\"border-radius: 5px;color: var(--wp--custom--color--black)\"><svg class=\"search-icon\" viewBox=\"0 0 24 24\" width=\"24\" height=\"24\">\n\t\t\t\t\t<path d=\"M13 5c-3.3 0-6 2.7-6 6 0 1.4.5 2.7 1.3 3.7l-3.8 3.8 1.1 1.1 3.8-3.8c1 .8 2.3 1.3 3.7 1.3 3.3 0 6-2.7 6-6S16.3 5 13 5zm0 10.5c-2.5 0-4.5-2-4.5-4.5s2-4.5 4.5-4.5 4.5 2 4.5 4.5-2 4.5-4.5 4.5z\"><\/path>\n\t\t\t\t<\/svg><\/button><\/div><\/form><\/div>\n<style scoped>@media(min-width:992px){.fr-position-sticky{position:sticky !important; top: calc(30px + var(--blockpress-sticky-height, 0px));align-self: flex-start !important;}}@media(max-width:575.98px){.fr-mobile-textcenter, .fr-mobile-textcenter > *{text-align: center !important;justify-content: center !important;}}<\/style><\/header>\n\n\n<p class=\"has-textonbutton-color has-text-color has-background has-x-large-font-size\" style=\"background-color:#e68e0078\"><strong>Despre Noi<\/strong><\/p>\n\n\n\n<p>\u00cen contextul lumii post-pandemice, toate institu\u021biile de \u00eenv\u0103\u021b\u0103m\u00e2nt au implementat un sistem de predare online. Cu toate acestea, nici \u0219colile, nici profesorii nu au fost pe deplin preg\u0103ti\u021bi pentru desf\u0103\u0219urarea unor procese de predare online eficiente \u0219i de \u00eenalt\u0103 calitate. <\/p>\n\n\n\n<p><strong>DigiTise! Set de instrumente digitale pentru 50+ profesori<\/strong> se adreseaz\u0103 profesorilor\/formatorilor VET \u0219i profesorilor de discipline generale care lucreaz\u0103 \u00een domeniul VET \u0219i al educa\u021biei continue, care fac parte din grupa de v\u00e2rst\u0103 de peste 50 de ani \u0219i care au fost nevoi\u021bi recent s\u0103 treac\u0103 la predarea online. <\/p>\n\n\n\n<p>Problemele cu care se confrunt\u0103 mul\u021bi educatori \u0219i profesori mai \u00een v\u00e2rst\u0103 atunci c\u00e2nd predau lec\u021bii online deriv\u0103 din provoc\u0103rile legate de nivelul lor de alfabetizare digital\u0103 \u0219i de lipsa de formare.<\/p>\n\n\n\n<p>\u00cen timpul evenimentelor de formare din cadrul <strong>Digitise!<\/strong>, vor fi organizate mobilit\u0103\u021bi de formare la care vor participa cadrele didactice din institu\u021biile partenere, cu capacitatea de a multiplica \u0219i transfera cuno\u0219tin\u021bele c\u0103tre al\u021bi membri ai grupului \u021bint\u0103.<\/p>\n\n\n\n<p><strong>Digitise!<\/strong> \u00ee\u0219i propune s\u0103 creeze \u0219i s\u0103 disemineze un <strong>Manual<\/strong> con\u021bin\u00e2nd descrierea general\u0103 a instrumentelor digitale de baz\u0103, cel pu\u021bin 45 de exerci\u021bii practice digitale pentru \u00eembun\u0103t\u0103\u021birea calit\u0103\u021bii pred\u0103rii online \u0219i 10 <strong>Cursuri MOOC<\/strong> pentru grupul \u021bint\u0103 pentru dezvoltarea competen\u021belor digitale de baz\u0103 \u0219i intermediare ale cadrelor didactice 50+ \u0219i cre\u0219terea nivelului de competen\u021b\u0103 digital\u0103 a acestora.<\/p>\n\n\n\n<div style=\"height:8px\" aria-hidden=\"true\" class=\"wp-block-spacer\"><\/div>\n\n\n\n<hr class=\"wp-block-separator has-alpha-channel-opacity is-style-wide\"\/>\n\n\n\n<h2 class=\"wp-block-heading\" id=\"feedback\">Oferi\u021bi-ne feedback<\/h2>\n\n\n<div id=\"simple-contact-form-wrap\">\r\n\t\t<div id=\"simple-contact-form\" class=\"scf\">\r\n\t\t\t<form action=\"#simple-contact-form-wrap\" method=\"post\">\r\n\t\t\t\t<div class=\"scf-row scf-name\">\r\n\t\t\t\t\t<label for=\"scf_name\">Your Name<\/label>\r\n\t\t\t\t\t<input name=\"scf_name\" id=\"scf_name\" type=\"text\" size=\"33\" maxlength=\"99\" value=\"\" placeholder=\"Your Name\" \/>\r\n\t\t\t\t<\/div>\r\n\t\t\t\t<div class=\"scf-row scf-email\">\r\n\t\t\t\t\t<label for=\"scf_email\">Your Email<\/label>\r\n\t\t\t\t\t<input name=\"scf_email\" id=\"scf_email\" type=\"text\" size=\"33\" maxlength=\"99\" value=\"\" placeholder=\"Your Email\" \/>\r\n\t\t\t\t<\/div>\r\n\t\t<div class=\"scf-row scf-confirm-email\">\r\n\t\t\t<label for=\"scf_confirm_email\">Confirm Your Email<\/label>\r\n\t\t\t<input name=\"scf_confirm_email\" id=\"scf_confirm_email\" type=\"text\" size=\"33\" maxlength=\"99\" value=\"\" placeholder=\"Confirm Your Email\" \/>\r\n\t\t<\/div>\r\n\t\t\t\t<div class=\"scf-row scf-response\">\r\n\t\t\t\t\t<label for=\"scf_response\">1 + 1 =<\/label>\r\n\t\t\t\t\t<input name=\"scf_response\" id=\"scf_response\" type=\"text\" size=\"33\" maxlength=\"99\" value=\"\" placeholder=\"Correct Response\" \/>\r\n\t\t\t\t<\/div>\r\n\t\t\t\t<div class=\"scf-row scf-message\">\r\n\t\t\t\t\t<label for=\"scf_message\">Your Message<\/label>\r\n\t\t\t\t\t<textarea name=\"scf_message\" id=\"scf_message\" cols=\"33\" rows=\"7\" placeholder=\"Your Message\"><\/textarea>\r\n\t\t\t\t<\/div>\r\n\t\t\t<div class=\"scf-recaptcha\">\r\n\t\t\t\t<script src=\"https:\/\/www.google.com\/recaptcha\/api.js\"><\/script>\r\n\t\t\t\t<div class=\"g-recaptcha\" data-sitekey=\"\"><\/div>\r\n\t\t\t<\/div>\t<div class=\"scf-confirm-checkbox\">\r\n\t\t<label><input type=\"checkbox\" required> I consent to having this website store my submitted information so they can respond to my inquiry. See our privacy policy to learn more how we use data.<\/label>\r\n\t<\/div><!-- .scf-confirm-checkbox -->\r\n\t<div class=\"scf-submit\">\r\n\t\t\t\t\t<input type=\"submit\" id=\"scf-button\" value=\"Send email\">\r\n\t\t\t\t\t<input type=\"hidden\" id=\"scf-key\" name=\"scf-key\" value=\"process\">\r\n\t\t\t\t\t<input type=\"hidden\" id=\"scf-nonce\" name=\"scf-nonce\" value=\"11c14a1be3\" \/>\r\n\t\t\t\t<\/div><\/form>\r\n\t\t<\/div>\r\n\t\t<style>.scf-confirm-checkbox { margin-top: 15px; } .scf-website3dhhsy3 { display: none; } #simple-contact-form .scf-row { width: 100%; overflow: hidden; margin: 5px 0; padding: 5px 0; border: 0; } #simple-contact-form .scf-row input { box-sizing: border-box; float: left; clear: none; width: 75%; margin: 0; } #simple-contact-form .scf-row label { box-sizing: border-box; float: left; clear: both; width: 25%; margin-top: 5px; font-size: 90%; } #simple-contact-form .scf-row textarea { box-sizing: border-box; float: left; clear: both; width: 100%; margin-top: 2px; }#simple-contact-form form { max-width: 700px; padding: 5px; } #simple-contact-form .scf-row { width: 100%; overflow: hidden; margin: 5px 0; padding: 5px 0; border: 0; } #simple-contact-form .scf-row input { box-sizing: border-box; float: left; clear: none; width: 75%; margin: 0; } #simple-contact-form .scf-row label { box-sizing: border-box; float: left; clear: both; width: 25%; margin-top: 5px; font-size: 90%; } #simple-contact-form .scf-row textarea { box-sizing: border-box; float: left; clear: both; width: 100%; margin-top: 2px; } #scf_success pre { white-space: pre-wrap; } p.scf_error, p.scf_spam { color: #cc0000; } div.scf-submit { margin-top: 10px; } p.scf_success { color: #669966; } .scf-confirm-checkbox { margin-top: 15px; } .scf-website3dhhsy3 { display: none; }<\/style><div style=\"clear:both\">&nbsp;<\/div><\/div>\n","protected":false},"excerpt":{"rendered":"<p>Despre Noi \u00cen contextul lumii post-pandemice, toate institu\u021biile de \u00eenv\u0103\u021b\u0103m\u00e2nt au implementat un sistem de predare online. Cu toate acestea, nici \u0219colile, nici profesorii nu au fost pe deplin preg\u0103ti\u021bi pentru desf\u0103\u0219urarea unor procese de predare online eficiente \u0219i de \u00eenalt\u0103 calitate. DigiTise! Set de instrumente digitale pentru 50+ profesori se adreseaz\u0103 profesorilor\/formatorilor VET \u0219i [&hellip;]<\/p>\n","protected":false},"author":3,"featured_media":0,"parent":0,"menu_order":0,"comment_status":"closed","ping_status":"closed","template":"no-title","meta":{"_gspb_post_css":"#gspb_container-id-gsbp-f50a9f70-8102.gspb_container{position:relative;flex-direction:column;box-sizing:border-box}#gspb_container-id-gsbp-f50a9f70-8102.gspb_container .gspb_container__content{margin:auto}#gspb_container-id-gsbp-f50a9f70-8102.gspb_container>p:last-of-type{margin-bottom:0}","footnotes":""},"class_list":["post-1403","page","type-page","status-publish","hentry"],"_links":{"self":[{"href":"https:\/\/digitiseproject.eu\/ro\/wp-json\/wp\/v2\/pages\/1403","targetHints":{"allow":["GET"]}}],"collection":[{"href":"https:\/\/digitiseproject.eu\/ro\/wp-json\/wp\/v2\/pages"}],"about":[{"href":"https:\/\/digitiseproject.eu\/ro\/wp-json\/wp\/v2\/types\/page"}],"author":[{"embeddable":true,"href":"https:\/\/digitiseproject.eu\/ro\/wp-json\/wp\/v2\/users\/3"}],"replies":[{"embeddable":true,"href":"https:\/\/digitiseproject.eu\/ro\/wp-json\/wp\/v2\/comments?post=1403"}],"version-history":[{"count":12,"href":"https:\/\/digitiseproject.eu\/ro\/wp-json\/wp\/v2\/pages\/1403\/revisions"}],"predecessor-version":[{"id":1814,"href":"https:\/\/digitiseproject.eu\/ro\/wp-json\/wp\/v2\/pages\/1403\/revisions\/1814"}],"wp:attachment":[{"href":"https:\/\/digitiseproject.eu\/ro\/wp-json\/wp\/v2\/media?parent=1403"}],"curies":[{"name":"wp","href":"https:\/\/api.w.org\/{rel}","templated":true}]}}