{"id":1802,"date":"2022-07-16T00:53:45","date_gmt":"2022-07-16T00:53:45","guid":{"rendered":"https:\/\/digitiseproject.eu\/privacy-policy\/"},"modified":"2022-11-10T13:50:06","modified_gmt":"2022-11-10T13:50:06","slug":"privacy-policy","status":"publish","type":"page","link":"https:\/\/digitiseproject.eu\/ro\/privacy-policy\/","title":{"rendered":"Privacy Policy"},"content":{"rendered":"<header class=\"alignfull wp-block-template-part\">\n<div class=\"wp-block-group has-textondark-background-color has-background fr-position-sticky fr-mobile-textcenter fr-sticky-header is-content-justification-center is-nowrap is-layout-flex wp-container-core-group-is-layout-23441af8 wp-block-group-is-layout-flex\"><div class=\"is-default-size wp-block-site-logo\"><a href=\"https:\/\/digitiseproject.eu\/ro\/\" class=\"custom-logo-link\" rel=\"home\"><img loading=\"lazy\" decoding=\"async\" width=\"310\" height=\"240\" src=\"https:\/\/digitiseproject.eu\/wp-content\/uploads\/2022\/07\/Digitise-Programme-Logo.png\" class=\"custom-logo\" alt=\"DigiTise! : DIGITAL TOOLKIT FOR 50+\" srcset=\"https:\/\/digitiseproject.eu\/wp-content\/uploads\/2022\/07\/Digitise-Programme-Logo.png 310w, https:\/\/digitiseproject.eu\/wp-content\/uploads\/2022\/07\/Digitise-Programme-Logo-300x232.png 300w\" sizes=\"auto, (max-width: 310px) 100vw, 310px\" \/><\/a><\/div>\n\n<h1 class=\"wp-block-site-title\"><a href=\"https:\/\/digitiseproject.eu\/ro\/\" target=\"_self\" rel=\"home\">DigiTise! : DIGITAL TOOLKIT FOR 50+<\/a><\/h1>\n\n<nav class=\"is-responsive items-justified-left alignwide wp-block-navigation is-content-justification-left is-layout-flex wp-container-core-navigation-is-layout-fc4fd283 wp-block-navigation-is-layout-flex\" aria-label=\"Navigation Romanian\" \n\t\t data-wp-interactive=\"core\/navigation\" data-wp-context='{\"overlayOpenedBy\":{\"click\":false,\"hover\":false,\"focus\":false},\"type\":\"overlay\",\"roleAttribute\":\"\",\"ariaLabel\":\"Meniu\"}'><button aria-haspopup=\"dialog\" aria-label=\"Deschide meniul\" class=\"wp-block-navigation__responsive-container-open\" \n\t\t\t\tdata-wp-on--click=\"actions.openMenuOnClick\"\n\t\t\t\tdata-wp-on--keydown=\"actions.handleMenuKeydown\"\n\t\t\t><svg width=\"24\" height=\"24\" xmlns=\"http:\/\/www.w3.org\/2000\/svg\" viewBox=\"0 0 24 24\" aria-hidden=\"true\" focusable=\"false\"><path d=\"M4 7.5h16v1.5H4z\"><\/path><path d=\"M4 15h16v1.5H4z\"><\/path><\/svg><\/button>\n\t\t\t\t<div class=\"wp-block-navigation__responsive-container\"  id=\"modal-1\" \n\t\t\t\tdata-wp-class--has-modal-open=\"state.isMenuOpen\"\n\t\t\t\tdata-wp-class--is-menu-open=\"state.isMenuOpen\"\n\t\t\t\tdata-wp-watch=\"callbacks.initMenu\"\n\t\t\t\tdata-wp-on--keydown=\"actions.handleMenuKeydown\"\n\t\t\t\tdata-wp-on--focusout=\"actions.handleMenuFocusout\"\n\t\t\t\ttabindex=\"-1\"\n\t\t\t>\n\t\t\t\t\t<div class=\"wp-block-navigation__responsive-close\" tabindex=\"-1\">\n\t\t\t\t\t\t<div class=\"wp-block-navigation__responsive-dialog\" \n\t\t\t\tdata-wp-bind--aria-modal=\"state.ariaModal\"\n\t\t\t\tdata-wp-bind--aria-label=\"state.ariaLabel\"\n\t\t\t\tdata-wp-bind--role=\"state.roleAttribute\"\n\t\t\t>\n\t\t\t\t\t\t\t<button aria-label=\"\u00cenchide meniul\" class=\"wp-block-navigation__responsive-container-close\" \n\t\t\t\tdata-wp-on--click=\"actions.closeMenuOnClick\"\n\t\t\t><svg xmlns=\"http:\/\/www.w3.org\/2000\/svg\" viewBox=\"0 0 24 24\" width=\"24\" height=\"24\" aria-hidden=\"true\" focusable=\"false\"><path d=\"m13.06 12 6.47-6.47-1.06-1.06L12 10.94 5.53 4.47 4.47 5.53 10.94 12l-6.47 6.47 1.06 1.06L12 13.06l6.47 6.47 1.06-1.06L13.06 12Z\"><\/path><\/svg><\/button>\n\t\t\t\t\t\t\t<div class=\"wp-block-navigation__responsive-container-content\" \n\t\t\t\tdata-wp-watch=\"callbacks.focusFirstElement\"\n\t\t\t id=\"modal-1-content\">\n\t\t\t\t\t\t\t\t<ul class=\"wp-block-navigation__container is-responsive items-justified-left alignwide wp-block-navigation\"><li data-wp-context=\"{ &quot;submenuOpenedBy&quot;: { &quot;click&quot;: false, &quot;hover&quot;: false, &quot;focus&quot;: false }, &quot;type&quot;: &quot;submenu&quot;, &quot;modal&quot;: null, &quot;previousFocus&quot;: null }\" data-wp-interactive=\"core\/navigation\" data-wp-on--focusout=\"actions.handleMenuFocusout\" data-wp-on--keydown=\"actions.handleMenuKeydown\" data-wp-on--mouseenter=\"actions.openMenuOnHover\" data-wp-on--mouseleave=\"actions.closeMenuOnHover\" data-wp-watch=\"callbacks.initMenu\" tabindex=\"-1\" class=\"wp-block-navigation-item has-child open-on-hover-click wp-block-navigation-submenu\"><a class=\"wp-block-navigation-item__content\" href=\"https:\/\/digitiseproject.eu\/ro\/despre\/\" target=\"_blank\"  ><span class=\"wp-block-navigation-item__label\">Despre Noi<\/span><\/a><button data-wp-bind--aria-expanded=\"state.isMenuOpen\" data-wp-on--click=\"actions.toggleMenuOnClick\" aria-label=\"Sub-meniu Despre Noi\" class=\"wp-block-navigation__submenu-icon wp-block-navigation-submenu__toggle\" ><svg xmlns=\"http:\/\/www.w3.org\/2000\/svg\" width=\"12\" height=\"12\" viewBox=\"0 0 12 12\" fill=\"none\" aria-hidden=\"true\" focusable=\"false\"><path d=\"M1.50002 4L6.00002 8L10.5 4\" stroke-width=\"1.5\"><\/path><\/svg><\/button><ul data-wp-on--focus=\"actions.openMenuOnFocus\" class=\"wp-block-navigation__submenu-container wp-block-navigation-submenu\"><li class=\" wp-block-navigation-item wp-block-navigation-link\"><a class=\"wp-block-navigation-item__content\"  href=\"https:\/\/digitiseproject.eu\/ro\/partenerei\/\"><span class=\"wp-block-navigation-item__label\">Parteneri<\/span><\/a><\/li><li class=\" wp-block-navigation-item wp-block-navigation-link\"><a class=\"wp-block-navigation-item__content\"  href=\"https:\/\/digitiseproject.eu\/ro\/eveniment-de-training-la-berlin\/\"><span class=\"wp-block-navigation-item__label\">\u0218tiri<\/span><\/a><\/li><\/ul><\/li><li data-wp-context=\"{ &quot;submenuOpenedBy&quot;: { &quot;click&quot;: false, &quot;hover&quot;: false, &quot;focus&quot;: false }, &quot;type&quot;: &quot;submenu&quot;, &quot;modal&quot;: null, &quot;previousFocus&quot;: null }\" data-wp-interactive=\"core\/navigation\" data-wp-on--focusout=\"actions.handleMenuFocusout\" data-wp-on--keydown=\"actions.handleMenuKeydown\" data-wp-on--mouseenter=\"actions.openMenuOnHover\" data-wp-on--mouseleave=\"actions.closeMenuOnHover\" data-wp-watch=\"callbacks.initMenu\" tabindex=\"-1\" class=\"wp-block-navigation-item has-child open-on-hover-click wp-block-navigation-submenu\"><a class=\"wp-block-navigation-item__content\" href=\"https:\/\/digitiseproject.eu\/ro\/resurse\/\"><span class=\"wp-block-navigation-item__label\">Resurse<\/span><\/a><button data-wp-bind--aria-expanded=\"state.isMenuOpen\" data-wp-on--click=\"actions.toggleMenuOnClick\" aria-label=\"Sub-meniu Resurse\" class=\"wp-block-navigation__submenu-icon wp-block-navigation-submenu__toggle\" ><svg xmlns=\"http:\/\/www.w3.org\/2000\/svg\" width=\"12\" height=\"12\" viewBox=\"0 0 12 12\" fill=\"none\" aria-hidden=\"true\" focusable=\"false\"><path d=\"M1.50002 4L6.00002 8L10.5 4\" stroke-width=\"1.5\"><\/path><\/svg><\/button><ul data-wp-on--focus=\"actions.openMenuOnFocus\" class=\"wp-block-navigation__submenu-container wp-block-navigation-submenu\"><li class=\" wp-block-navigation-item wp-block-navigation-link\"><a class=\"wp-block-navigation-item__content\"  href=\"https:\/\/digitiseproject.eu\/ro\/resurse\/#manual\"><span class=\"wp-block-navigation-item__label\">Manual<\/span><\/a><\/li><li class=\" wp-block-navigation-item wp-block-navigation-link\"><a class=\"wp-block-navigation-item__content\"  href=\"https:\/\/digitiseproject.eu\/ro\/resurse\/#moocrom\"><span class=\"wp-block-navigation-item__label\">MOOC<\/span><\/a><\/li><li class=\" wp-block-navigation-item wp-block-navigation-link\"><a class=\"wp-block-navigation-item__content\"  href=\"https:\/\/digitiseproject.eu\/ro\/resurse\/#tutoriale\" target=\"_blank\"  ><span class=\"wp-block-navigation-item__label\">Tutoriale<\/span><\/a><\/li><\/ul><\/li><li class=\" wp-block-navigation-item is-style-accentbutton wp-block-navigation-link\"><a class=\"wp-block-navigation-item__content\"  href=\"https:\/\/digitiseproject.eu\/ro\/learning-area-rom\/\"><span class=\"wp-block-navigation-item__label\">Zona de E-Learning<\/span><\/a><\/li><style scoped>.wp-block-navigation-item.is-style-accentbutton a{background-color:var(--wp--preset--color--button);color:var(--wp--preset--color--textonbutton);padding:5px 15px !important; line-height: 1.8 }<\/style><\/ul>\n\t\t\t\t\t\t\t<\/div>\n\t\t\t\t\t\t<\/div>\n\t\t\t\t\t<\/div>\n\t\t\t\t<\/div><\/nav>\n\n<form role=\"search\" method=\"get\" action=\"https:\/\/digitiseproject.eu\/ro\/\" class=\"wp-block-search__button-inside wp-block-search__icon-button is-style-floating-white-search wp-block-search\"    ><label class=\"wp-block-search__label screen-reader-text\" for=\"wp-block-search__input-2\" >Search<\/label><div class=\"wp-block-search__inside-wrapper\"  style=\"border-radius: calc(5px + 4px)\"><input class=\"wp-block-search__input\" id=\"wp-block-search__input-2\" placeholder=\"\" value=\"\" type=\"search\" name=\"s\" required  style=\"border-radius: 5px\"\/><button aria-label=\"Search\" class=\"wp-block-search__button has-text-color has-icon wp-element-button\" type=\"submit\"  style=\"border-radius: 5px;color: var(--wp--custom--color--black)\"><svg class=\"search-icon\" viewBox=\"0 0 24 24\" width=\"24\" height=\"24\">\n\t\t\t\t\t<path d=\"M13 5c-3.3 0-6 2.7-6 6 0 1.4.5 2.7 1.3 3.7l-3.8 3.8 1.1 1.1 3.8-3.8c1 .8 2.3 1.3 3.7 1.3 3.3 0 6-2.7 6-6S16.3 5 13 5zm0 10.5c-2.5 0-4.5-2-4.5-4.5s2-4.5 4.5-4.5 4.5 2 4.5 4.5-2 4.5-4.5 4.5z\"><\/path>\n\t\t\t\t<\/svg><\/button><\/div><\/form><\/div>\n<style scoped>@media(min-width:992px){.fr-position-sticky{position:sticky !important; top: calc(30px + var(--blockpress-sticky-height, 0px));align-self: flex-start !important;}}@media(max-width:575.98px){.fr-mobile-textcenter, .fr-mobile-textcenter > *{text-align: center !important;justify-content: center !important;}}<\/style><\/header>\n\n\n<h1 class=\"wp-block-heading\" id=\"privacy-policy\">Politica de confiden\u021bialitate<\/h1>\n\n\n\n<h2 class=\"wp-block-heading\" id=\"who-we-are\">Cine suntem<\/h2>\n\n\n\n<p>Adresa site-ului nostru este: https:\/\/digitiseproject.eu.<\/p>\n\n\n\n<h2 class=\"wp-block-heading\" id=\"comments\">Comentarii<\/h2>\n\n\n\n<p>Atunci c\u00e2nd vizitatorii las\u0103 comentarii pe site, colect\u0103m datele afi\u0219ate \u00een formularul de comentarii, precum \u0219i adresa IP a vizitatorului \u0219i \u0219irul agentului de utilizator al browserului pentru a ajuta la detectarea spam-ului.<\/p>\n\n\n\n<p>Un \u0219ir anonimizat creat din adresa dvs. de e-mail (numit \u0219i hash) poate fi furnizat serviciului Gravatar pentru a vedea dac\u0103 \u00eel folosi\u021bi. Politica de confiden\u021bialitate a serviciului Gravatar este disponibil\u0103 aici: https:\/\/automattic.com\/privacy\/. Dup\u0103 aprobarea comentariului dvs., imaginea dvs. de profil este vizibil\u0103 publicului \u00een contextul comentariului dvs.<\/p>\n\n\n\n<h2 class=\"wp-block-heading\" id=\"cookies\">Cookies<\/h2>\n\n\n\n<p>Dac\u0103 l\u0103sa\u021bi un comentariu pe site-ul nostru, pute\u021bi opta pentru salvarea numelui, a adresei de e-mail \u0219i a site-ului dvs. \u00een cookie-uri. Acestea sunt pentru comoditatea dvs., astfel \u00eenc\u00e2t s\u0103 nu trebuiasc\u0103 s\u0103 completa\u021bi din nou datele dvs. atunci c\u00e2nd l\u0103sa\u021bi un alt comentariu. Aceste cookie-uri se vor p\u0103stra timp de un an.<\/p>\n\n\n\n<h2 class=\"wp-block-heading\" id=\"embedded-content-from-other-websites\">Con\u021binutul \u00eencorporat de pe alte site-uri web<\/h2>\n\n\n\n<p>Articolele de pe acest site pot include con\u021binut \u00eencorporat (de exemplu, videoclipuri, imagini, articole etc.). Con\u021binutul \u00eencorporat de pe alte site-uri web se comport\u0103 exact \u00een acela\u0219i mod ca \u0219i cum vizitatorul ar fi vizitat cel\u0103lalt site web.<\/p>\n\n\n\n<p>Aceste site-uri web pot colecta date despre dvs., pot utiliza cookie-uri, pot \u00eencorpora urm\u0103rire suplimentar\u0103 de la ter\u021bi \u0219i pot monitoriza interac\u021biunea dvs. cu acel con\u021binut \u00eencorporat, inclusiv urm\u0103rirea interac\u021biunii dvs. cu con\u021binutul \u00eencorporat dac\u0103 ave\u021bi un cont \u0219i sunte\u021bi conectat la acel site web.<\/p>\n\n\n\n<h2 class=\"wp-block-heading\" id=\"how-long-we-retain-your-data\">C\u00e2t timp p\u0103str\u0103m datele dvs.<\/h2>\n\n\n\n<p>Pentru utilizatorii care se \u00eenregistreaz\u0103 pe site-ul nostru (dac\u0103 exist\u0103), stoc\u0103m, de asemenea, informa\u021biile personale pe care le furnizeaz\u0103 \u00een profilul lor de utilizator. To\u021bi utilizatorii \u00ee\u0219i pot vedea, modifica sau \u0219terge informa\u021biile personale \u00een orice moment (cu excep\u021bia faptului c\u0103 nu \u00ee\u0219i pot schimba numele de utilizator). De asemenea, administratorii site-ului web pot vedea \u0219i modifica aceste informa\u021bii.<\/p>\n\n\n\n<h2 class=\"wp-block-heading\" id=\"what-rights-you-have-over-your-data\">Ce drepturi ave\u021bi asupra datelor dumneavoastr\u0103<\/h2>\n\n\n\n<p>Dac\u0103 ave\u021bi un cont pe acest site sau dac\u0103 a\u021bi l\u0103sat comentarii, pute\u021bi solicita s\u0103 primi\u021bi un fi\u0219ier exportat al datelor cu caracter personal pe care le de\u021binem despre dumneavoastr\u0103, inclusiv orice date pe care ni le-a\u021bi furnizat. De asemenea, pute\u021bi solicita s\u0103 \u0219tergem orice date cu caracter personal pe care le de\u021binem despre dumneavoastr\u0103. Aceasta nu include orice date pe care suntem obliga\u021bi s\u0103 le p\u0103str\u0103m \u00een scopuri administrative, juridice sau de securitate.<\/p>\n\n\n\n<p>Comentariile vizitatorilor pot fi verificate prin intermediul unui serviciu automat de detectare a spam-ului.<\/p>\n","protected":false},"excerpt":{"rendered":"<p>Politica de confiden\u021bialitate Cine suntem Adresa site-ului nostru este: https:\/\/digitiseproject.eu. Comentarii Atunci c\u00e2nd vizitatorii las\u0103 comentarii pe site, colect\u0103m datele afi\u0219ate \u00een formularul de comentarii, precum \u0219i adresa IP a vizitatorului \u0219i \u0219irul agentului de utilizator al browserului pentru a ajuta la detectarea spam-ului. Un \u0219ir anonimizat creat din adresa dvs. de e-mail (numit \u0219i [&hellip;]<\/p>\n","protected":false},"author":1,"featured_media":0,"parent":0,"menu_order":0,"comment_status":"closed","ping_status":"closed","template":"no-title","meta":{"_gspb_post_css":"","footnotes":""},"class_list":["post-1802","page","type-page","status-publish","hentry"],"_links":{"self":[{"href":"https:\/\/digitiseproject.eu\/ro\/wp-json\/wp\/v2\/pages\/1802","targetHints":{"allow":["GET"]}}],"collection":[{"href":"https:\/\/digitiseproject.eu\/ro\/wp-json\/wp\/v2\/pages"}],"about":[{"href":"https:\/\/digitiseproject.eu\/ro\/wp-json\/wp\/v2\/types\/page"}],"author":[{"embeddable":true,"href":"https:\/\/digitiseproject.eu\/ro\/wp-json\/wp\/v2\/users\/1"}],"replies":[{"embeddable":true,"href":"https:\/\/digitiseproject.eu\/ro\/wp-json\/wp\/v2\/comments?post=1802"}],"version-history":[{"count":3,"href":"https:\/\/digitiseproject.eu\/ro\/wp-json\/wp\/v2\/pages\/1802\/revisions"}],"predecessor-version":[{"id":1811,"href":"https:\/\/digitiseproject.eu\/ro\/wp-json\/wp\/v2\/pages\/1802\/revisions\/1811"}],"wp:attachment":[{"href":"https:\/\/digitiseproject.eu\/ro\/wp-json\/wp\/v2\/media?parent=1802"}],"curies":[{"name":"wp","href":"https:\/\/api.w.org\/{rel}","templated":true}]}}